{"id":1761,"date":"2026-03-29T08:21:02","date_gmt":"2026-03-29T08:21:02","guid":{"rendered":"https:\/\/staging-tecma.pixit.au\/product\/bouteilles-plastique\/"},"modified":"2026-04-13T16:47:38","modified_gmt":"2026-04-13T16:47:38","slug":"bouteilles-plastique","status":"publish","type":"product","link":"https:\/\/staging-tecma.pixit.au\/fr\/product\/bouteilles-plastique\/","title":{"rendered":"Bouteilles plastique"},"content":{"rendered":"\n<p>Bouteilles de diff\u00e9rentes formes ou mati\u00e8res que TECMA ARIES peut suremballer ou encaisser selon le besoin.<\/p>\n\n\n\n<p><\/p>\n\n\n\n<h3 class=\"wp-block-heading\">Applications<\/h3>\n\n\n\n<div class=\"wp-block-columns is-layout-flex wp-container-core-columns-is-layout-28f84493 wp-block-columns-is-layout-flex\">\n<div class=\"wp-block-column is-layout-flow wp-block-column-is-layout-flow\">\n<p>Yaourts<br>Fromages<br>Soft drinks<br>Vins tranquilles &amp; effervescents<br>Bi\u00e8re<br>Produits \u00e0 base de fruits<\/p>\n<\/div>\n\n\n\n<div class=\"wp-block-column is-layout-flow wp-block-column-is-layout-flow\">\n<blockquote class=\"wp-block-quote is-layout-flow wp-block-quote-is-layout-flow\">\n<blockquote class=\"wp-block-quote is-layout-flow wp-block-quote-is-layout-flow\">\n<blockquote class=\"wp-block-quote is-layout-flow wp-block-quote-is-layout-flow\">\n<p>Produits \u00e0 base de viandes<br>Produits \u00e0 base de l\u00e9gumes<br>Produits de la mer<br>Plats cuisin\u00e9s<br>Babyfood<br>Biscuits\/chocolat\/sucre\/confiserie<\/p>\n<\/blockquote>\n<\/blockquote>\n<\/blockquote>\n<\/div>\n\n\n\n<div class=\"wp-block-column is-layout-flow wp-block-column-is-layout-flow\">\n<p>Boulangerie\/viennoiserie<br>Autres<br>Aliments pour animaux<br>Hygi\u00e8ne\/cosm\u00e9tique<br>Produits pharmaceutiques<br>Autres produits non alimentaires<br>Logistique<\/p>\n<\/div>\n<\/div>\n\n\n\n<p><\/p>\n","protected":false},"featured_media":1760,"template":"","meta":{"_acf_changed":false},"product-type":[35],"class_list":["post-1761","product","type-product","status-publish","has-post-thumbnail","hentry","product-type-bouteilles"],"acf":[],"yoast_head":"<!-- This site is optimized with the Yoast SEO plugin v27.4 - https:\/\/yoast.com\/product\/yoast-seo-wordpress\/ -->\n<title>Bouteilles plastique - Tecma Aries<\/title>\n<meta name=\"robots\" content=\"index, follow, max-snippet:-1, max-image-preview:large, max-video-preview:-1\" \/>\n<link rel=\"canonical\" href=\"https:\/\/staging-tecma.pixit.au\/fr\/product\/bouteilles-plastique\/\" \/>\n<meta property=\"og:locale\" content=\"fr_FR\" \/>\n<meta property=\"og:type\" content=\"article\" \/>\n<meta property=\"og:title\" content=\"Bouteilles plastique - Tecma Aries\" \/>\n<meta property=\"og:description\" content=\"Bouteilles de diff\u00e9rentes formes ou mati\u00e8res que TECMA ARIES peut suremballer ou encaisser selon le besoin. Applications YaourtsFromagesSoft drinksVins tranquilles &amp; effervescentsBi\u00e8reProduits \u00e0 base de fruits Produits \u00e0 base de viandesProduits \u00e0 base de l\u00e9gumesProduits de la merPlats cuisin\u00e9sBabyfoodBiscuits\/chocolat\/sucre\/confiserie Boulangerie\/viennoiserieAutresAliments pour animauxHygi\u00e8ne\/cosm\u00e9tiqueProduits pharmaceutiquesAutres produits non alimentairesLogistique\" \/>\n<meta property=\"og:url\" content=\"https:\/\/staging-tecma.pixit.au\/fr\/product\/bouteilles-plastique\/\" \/>\n<meta property=\"og:site_name\" content=\"Tecma Aries\" \/>\n<meta property=\"article:modified_time\" content=\"2026-04-13T16:47:38+00:00\" \/>\n<meta property=\"og:image\" content=\"https:\/\/staging-tecma.pixit.au\/wp-content\/uploads\/2026\/03\/101-bouteilles-plastique-thumbnail.jpeg\" \/>\n\t<meta property=\"og:image:width\" content=\"750\" \/>\n\t<meta property=\"og:image:height\" content=\"422\" \/>\n\t<meta property=\"og:image:type\" content=\"image\/jpeg\" \/>\n<meta name=\"twitter:card\" content=\"summary_large_image\" \/>\n<meta name=\"twitter:label1\" content=\"Dur\u00e9e de lecture estim\u00e9e\" \/>\n\t<meta name=\"twitter:data1\" content=\"1 minute\" \/>\n<script type=\"application\/ld+json\" class=\"yoast-schema-graph\">{\"@context\":\"https:\\\/\\\/schema.org\",\"@graph\":[{\"@type\":\"WebPage\",\"@id\":\"https:\\\/\\\/staging-tecma.pixit.au\\\/fr\\\/product\\\/bouteilles-plastique\\\/\",\"url\":\"https:\\\/\\\/staging-tecma.pixit.au\\\/fr\\\/product\\\/bouteilles-plastique\\\/\",\"name\":\"Bouteilles plastique - Tecma Aries\",\"isPartOf\":{\"@id\":\"https:\\\/\\\/staging-tecma.pixit.au\\\/fr\\\/#website\"},\"primaryImageOfPage\":{\"@id\":\"https:\\\/\\\/staging-tecma.pixit.au\\\/fr\\\/product\\\/bouteilles-plastique\\\/#primaryimage\"},\"image\":{\"@id\":\"https:\\\/\\\/staging-tecma.pixit.au\\\/fr\\\/product\\\/bouteilles-plastique\\\/#primaryimage\"},\"thumbnailUrl\":\"https:\\\/\\\/staging-tecma.pixit.au\\\/wp-content\\\/uploads\\\/2026\\\/03\\\/101-bouteilles-plastique-thumbnail.jpeg\",\"datePublished\":\"2026-03-29T08:21:02+00:00\",\"dateModified\":\"2026-04-13T16:47:38+00:00\",\"breadcrumb\":{\"@id\":\"https:\\\/\\\/staging-tecma.pixit.au\\\/fr\\\/product\\\/bouteilles-plastique\\\/#breadcrumb\"},\"inLanguage\":\"fr-FR\",\"potentialAction\":[{\"@type\":\"ReadAction\",\"target\":[\"https:\\\/\\\/staging-tecma.pixit.au\\\/fr\\\/product\\\/bouteilles-plastique\\\/\"]}]},{\"@type\":\"ImageObject\",\"inLanguage\":\"fr-FR\",\"@id\":\"https:\\\/\\\/staging-tecma.pixit.au\\\/fr\\\/product\\\/bouteilles-plastique\\\/#primaryimage\",\"url\":\"https:\\\/\\\/staging-tecma.pixit.au\\\/wp-content\\\/uploads\\\/2026\\\/03\\\/101-bouteilles-plastique-thumbnail.jpeg\",\"contentUrl\":\"https:\\\/\\\/staging-tecma.pixit.au\\\/wp-content\\\/uploads\\\/2026\\\/03\\\/101-bouteilles-plastique-thumbnail.jpeg\",\"width\":750,\"height\":422},{\"@type\":\"BreadcrumbList\",\"@id\":\"https:\\\/\\\/staging-tecma.pixit.au\\\/fr\\\/product\\\/bouteilles-plastique\\\/#breadcrumb\",\"itemListElement\":[{\"@type\":\"ListItem\",\"position\":1,\"name\":\"Home\",\"item\":\"https:\\\/\\\/staging-tecma.pixit.au\\\/fr\\\/\"},{\"@type\":\"ListItem\",\"position\":2,\"name\":\"Products\",\"item\":\"https:\\\/\\\/staging-tecma.pixit.au\\\/fr\\\/products\\\/\"},{\"@type\":\"ListItem\",\"position\":3,\"name\":\"Bouteilles plastique\"}]},{\"@type\":\"WebSite\",\"@id\":\"https:\\\/\\\/staging-tecma.pixit.au\\\/fr\\\/#website\",\"url\":\"https:\\\/\\\/staging-tecma.pixit.au\\\/fr\\\/\",\"name\":\"Tecma Aries\",\"description\":\"The end of packaging line expert\",\"publisher\":{\"@id\":\"https:\\\/\\\/staging-tecma.pixit.au\\\/fr\\\/#organization\"},\"potentialAction\":[{\"@type\":\"SearchAction\",\"target\":{\"@type\":\"EntryPoint\",\"urlTemplate\":\"https:\\\/\\\/staging-tecma.pixit.au\\\/fr\\\/?s={search_term_string}\"},\"query-input\":{\"@type\":\"PropertyValueSpecification\",\"valueRequired\":true,\"valueName\":\"search_term_string\"}}],\"inLanguage\":\"fr-FR\"},{\"@type\":\"Organization\",\"@id\":\"https:\\\/\\\/staging-tecma.pixit.au\\\/fr\\\/#organization\",\"name\":\"Tecma Aries\",\"url\":\"https:\\\/\\\/staging-tecma.pixit.au\\\/fr\\\/\",\"logo\":{\"@type\":\"ImageObject\",\"inLanguage\":\"fr-FR\",\"@id\":\"https:\\\/\\\/staging-tecma.pixit.au\\\/fr\\\/#\\\/schema\\\/logo\\\/image\\\/\",\"url\":\"https:\\\/\\\/staging-tecma.pixit.au\\\/wp-content\\\/uploads\\\/2026\\\/03\\\/logo-light-color.png\",\"contentUrl\":\"https:\\\/\\\/staging-tecma.pixit.au\\\/wp-content\\\/uploads\\\/2026\\\/03\\\/logo-light-color.png\",\"width\":180,\"height\":80,\"caption\":\"Tecma Aries\"},\"image\":{\"@id\":\"https:\\\/\\\/staging-tecma.pixit.au\\\/fr\\\/#\\\/schema\\\/logo\\\/image\\\/\"}}]}<\/script>\n<!-- \/ Yoast SEO plugin. -->","yoast_head_json":{"title":"Bouteilles plastique - Tecma Aries","robots":{"index":"index","follow":"follow","max-snippet":"max-snippet:-1","max-image-preview":"max-image-preview:large","max-video-preview":"max-video-preview:-1"},"canonical":"https:\/\/staging-tecma.pixit.au\/fr\/product\/bouteilles-plastique\/","og_locale":"fr_FR","og_type":"article","og_title":"Bouteilles plastique - Tecma Aries","og_description":"Bouteilles de diff\u00e9rentes formes ou mati\u00e8res que TECMA ARIES peut suremballer ou encaisser selon le besoin. Applications YaourtsFromagesSoft drinksVins tranquilles &amp; effervescentsBi\u00e8reProduits \u00e0 base de fruits Produits \u00e0 base de viandesProduits \u00e0 base de l\u00e9gumesProduits de la merPlats cuisin\u00e9sBabyfoodBiscuits\/chocolat\/sucre\/confiserie Boulangerie\/viennoiserieAutresAliments pour animauxHygi\u00e8ne\/cosm\u00e9tiqueProduits pharmaceutiquesAutres produits non alimentairesLogistique","og_url":"https:\/\/staging-tecma.pixit.au\/fr\/product\/bouteilles-plastique\/","og_site_name":"Tecma Aries","article_modified_time":"2026-04-13T16:47:38+00:00","og_image":[{"width":750,"height":422,"url":"https:\/\/staging-tecma.pixit.au\/wp-content\/uploads\/2026\/03\/101-bouteilles-plastique-thumbnail.jpeg","type":"image\/jpeg"}],"twitter_card":"summary_large_image","twitter_misc":{"Dur\u00e9e de lecture estim\u00e9e":"1 minute"},"schema":{"@context":"https:\/\/schema.org","@graph":[{"@type":"WebPage","@id":"https:\/\/staging-tecma.pixit.au\/fr\/product\/bouteilles-plastique\/","url":"https:\/\/staging-tecma.pixit.au\/fr\/product\/bouteilles-plastique\/","name":"Bouteilles plastique - Tecma Aries","isPartOf":{"@id":"https:\/\/staging-tecma.pixit.au\/fr\/#website"},"primaryImageOfPage":{"@id":"https:\/\/staging-tecma.pixit.au\/fr\/product\/bouteilles-plastique\/#primaryimage"},"image":{"@id":"https:\/\/staging-tecma.pixit.au\/fr\/product\/bouteilles-plastique\/#primaryimage"},"thumbnailUrl":"https:\/\/staging-tecma.pixit.au\/wp-content\/uploads\/2026\/03\/101-bouteilles-plastique-thumbnail.jpeg","datePublished":"2026-03-29T08:21:02+00:00","dateModified":"2026-04-13T16:47:38+00:00","breadcrumb":{"@id":"https:\/\/staging-tecma.pixit.au\/fr\/product\/bouteilles-plastique\/#breadcrumb"},"inLanguage":"fr-FR","potentialAction":[{"@type":"ReadAction","target":["https:\/\/staging-tecma.pixit.au\/fr\/product\/bouteilles-plastique\/"]}]},{"@type":"ImageObject","inLanguage":"fr-FR","@id":"https:\/\/staging-tecma.pixit.au\/fr\/product\/bouteilles-plastique\/#primaryimage","url":"https:\/\/staging-tecma.pixit.au\/wp-content\/uploads\/2026\/03\/101-bouteilles-plastique-thumbnail.jpeg","contentUrl":"https:\/\/staging-tecma.pixit.au\/wp-content\/uploads\/2026\/03\/101-bouteilles-plastique-thumbnail.jpeg","width":750,"height":422},{"@type":"BreadcrumbList","@id":"https:\/\/staging-tecma.pixit.au\/fr\/product\/bouteilles-plastique\/#breadcrumb","itemListElement":[{"@type":"ListItem","position":1,"name":"Home","item":"https:\/\/staging-tecma.pixit.au\/fr\/"},{"@type":"ListItem","position":2,"name":"Products","item":"https:\/\/staging-tecma.pixit.au\/fr\/products\/"},{"@type":"ListItem","position":3,"name":"Bouteilles plastique"}]},{"@type":"WebSite","@id":"https:\/\/staging-tecma.pixit.au\/fr\/#website","url":"https:\/\/staging-tecma.pixit.au\/fr\/","name":"Tecma Aries","description":"The end of packaging line expert","publisher":{"@id":"https:\/\/staging-tecma.pixit.au\/fr\/#organization"},"potentialAction":[{"@type":"SearchAction","target":{"@type":"EntryPoint","urlTemplate":"https:\/\/staging-tecma.pixit.au\/fr\/?s={search_term_string}"},"query-input":{"@type":"PropertyValueSpecification","valueRequired":true,"valueName":"search_term_string"}}],"inLanguage":"fr-FR"},{"@type":"Organization","@id":"https:\/\/staging-tecma.pixit.au\/fr\/#organization","name":"Tecma Aries","url":"https:\/\/staging-tecma.pixit.au\/fr\/","logo":{"@type":"ImageObject","inLanguage":"fr-FR","@id":"https:\/\/staging-tecma.pixit.au\/fr\/#\/schema\/logo\/image\/","url":"https:\/\/staging-tecma.pixit.au\/wp-content\/uploads\/2026\/03\/logo-light-color.png","contentUrl":"https:\/\/staging-tecma.pixit.au\/wp-content\/uploads\/2026\/03\/logo-light-color.png","width":180,"height":80,"caption":"Tecma Aries"},"image":{"@id":"https:\/\/staging-tecma.pixit.au\/fr\/#\/schema\/logo\/image\/"}}]}},"_links":{"self":[{"href":"https:\/\/staging-tecma.pixit.au\/fr\/wp-json\/wp\/v2\/product\/1761","targetHints":{"allow":["GET"]}}],"collection":[{"href":"https:\/\/staging-tecma.pixit.au\/fr\/wp-json\/wp\/v2\/product"}],"about":[{"href":"https:\/\/staging-tecma.pixit.au\/fr\/wp-json\/wp\/v2\/types\/product"}],"wp:featuredmedia":[{"embeddable":true,"href":"https:\/\/staging-tecma.pixit.au\/fr\/wp-json\/wp\/v2\/media\/1760"}],"wp:attachment":[{"href":"https:\/\/staging-tecma.pixit.au\/fr\/wp-json\/wp\/v2\/media?parent=1761"}],"wp:term":[{"taxonomy":"product-type","embeddable":true,"href":"https:\/\/staging-tecma.pixit.au\/fr\/wp-json\/wp\/v2\/product-type?post=1761"}],"curies":[{"name":"wp","href":"https:\/\/api.w.org\/{rel}","templated":true}]}}