{"id":2611,"date":"2026-04-13T03:57:03","date_gmt":"2026-04-13T03:57:03","guid":{"rendered":"https:\/\/staging-tecma.pixit.au\/emplois\/"},"modified":"2026-05-01T07:33:53","modified_gmt":"2026-05-01T07:33:53","slug":"emplois","status":"publish","type":"page","link":"https:\/\/staging-tecma.pixit.au\/fr\/emplois\/","title":{"rendered":"Emplois"},"content":{"rendered":"\t\t<div data-elementor-type=\"wp-page\" data-elementor-id=\"2611\" class=\"elementor elementor-2611 elementor-1463\" data-elementor-post-type=\"page\">\n\t\t\t\t<div class=\"elementor-element elementor-element-41eba908 e-flex e-con-boxed e-con e-parent\" data-id=\"41eba908\" data-element_type=\"container\" data-e-type=\"container\" data-settings=\"{&quot;background_background&quot;:&quot;classic&quot;}\">\n\t\t\t\t\t<div class=\"e-con-inner\">\n\t\t\t\t\t<\/div>\n\t\t\t\t<\/div>\n\t\t<div class=\"elementor-element elementor-element-6f78fda e-con-full elementor-hidden-mobile_extra elementor-hidden-mobile e-flex e-con e-parent\" data-id=\"6f78fda\" data-element_type=\"container\" data-e-type=\"container\">\n\t\t<div class=\"elementor-element elementor-element-6651ebf5 e-con-full e-flex e-con e-child\" data-id=\"6651ebf5\" data-element_type=\"container\" data-e-type=\"container\" data-settings=\"{&quot;background_background&quot;:&quot;classic&quot;}\">\n\t\t\t\t<div class=\"elementor-element elementor-element-35b01685 elementor-widget elementor-widget-spacer\" data-id=\"35b01685\" data-element_type=\"widget\" data-e-type=\"widget\" data-widget_type=\"spacer.default\">\n\t\t\t\t\t\t\t<div class=\"elementor-spacer\">\n\t\t\t<div class=\"elementor-spacer-inner\"><\/div>\n\t\t<\/div>\n\t\t\t\t\t\t<\/div>\n\t\t\t\t<\/div>\n\t\t<div class=\"elementor-element elementor-element-4ce8bd7e e-con-full e-flex e-con e-child\" data-id=\"4ce8bd7e\" data-element_type=\"container\" data-e-type=\"container\">\n\t\t\t\t<\/div>\n\t\t\t\t<\/div>\n\t\t<div class=\"elementor-element elementor-element-503ca162 elementor-hidden-mobile_extra elementor-hidden-mobile e-flex e-con-boxed e-con e-parent\" data-id=\"503ca162\" data-element_type=\"container\" data-e-type=\"container\" data-settings=\"{&quot;background_background&quot;:&quot;classic&quot;}\">\n\t\t\t\t\t<div class=\"e-con-inner\">\n\t\t<div class=\"elementor-element elementor-element-6c59f80d e-con-full home-progress-box e-flex e-con e-child\" data-id=\"6c59f80d\" data-element_type=\"container\" data-e-type=\"container\" data-settings=\"{&quot;background_background&quot;:&quot;classic&quot;}\">\n\t\t\t\t<div class=\"elementor-element elementor-element-3cb7846a elementor-widget elementor-widget-heading\" data-id=\"3cb7846a\" data-element_type=\"widget\" data-e-type=\"widget\" data-widget_type=\"heading.default\">\n\t\t\t\t\t<h2 class=\"elementor-heading-title elementor-size-default\">Emplois<\/h2>\t\t\t\t<\/div>\n\t\t\t\t<div class=\"elementor-element elementor-element-a155219 elementor-widget elementor-widget-breadcrumbs\" data-id=\"a155219\" data-element_type=\"widget\" data-e-type=\"widget\" data-widget_type=\"breadcrumbs.default\">\n\t\t\t\t\t<span id=\"breadcrumbs\"><span><span><a href=\"https:\/\/staging-tecma.pixit.au\/fr\/\">Home<\/a><\/span><\/span><\/span>\t\t\t\t<\/div>\n\t\t\t\t<\/div>\n\t\t\t\t\t<\/div>\n\t\t\t\t<\/div>\n\t\t<div class=\"elementor-element elementor-element-39cb182d e-con-full elementor-hidden-desktop elementor-hidden-tablet_extra elementor-hidden-tablet elementor-hidden-laptop e-flex e-con e-parent\" data-id=\"39cb182d\" data-element_type=\"container\" data-e-type=\"container\">\n\t\t<div class=\"elementor-element elementor-element-219da6f e-con-full e-flex e-con e-child\" data-id=\"219da6f\" data-element_type=\"container\" data-e-type=\"container\" data-settings=\"{&quot;background_background&quot;:&quot;classic&quot;}\">\n\t\t\t\t<div class=\"elementor-element elementor-element-1941da5c elementor-widget elementor-widget-heading\" data-id=\"1941da5c\" data-element_type=\"widget\" data-e-type=\"widget\" data-widget_type=\"heading.default\">\n\t\t\t\t\t<h2 class=\"elementor-heading-title elementor-size-default\">Emplois<\/h2>\t\t\t\t<\/div>\n\t\t\t\t<div class=\"elementor-element elementor-element-6a9adeab elementor-widget elementor-widget-breadcrumbs\" data-id=\"6a9adeab\" data-element_type=\"widget\" data-e-type=\"widget\" data-widget_type=\"breadcrumbs.default\">\n\t\t\t\t\t<span id=\"breadcrumbs\"><span><span><a href=\"https:\/\/staging-tecma.pixit.au\/fr\/\">Home<\/a><\/span><\/span><\/span>\t\t\t\t<\/div>\n\t\t\t\t<\/div>\n\t\t\t\t<\/div>\n\t\t<div class=\"elementor-element elementor-element-8cc99ae e-flex e-con-boxed e-con e-parent\" data-id=\"8cc99ae\" data-element_type=\"container\" data-e-type=\"container\" data-settings=\"{&quot;background_background&quot;:&quot;classic&quot;}\">\n\t\t\t\t\t<div class=\"e-con-inner\">\n\t\t<div class=\"elementor-element elementor-element-c70b50c e-con-full e-flex e-con e-child\" data-id=\"c70b50c\" data-element_type=\"container\" data-e-type=\"container\">\n\t\t<div class=\"elementor-element elementor-element-9c49863 e-con-full e-flex e-con e-child\" data-id=\"9c49863\" data-element_type=\"container\" data-e-type=\"container\">\n\t\t\t\t<div class=\"elementor-element elementor-element-783af44 elementor-absolute animated-slow elementor-invisible elementor-widget elementor-widget-heading\" data-id=\"783af44\" data-element_type=\"widget\" data-e-type=\"widget\" data-settings=\"{&quot;_position&quot;:&quot;absolute&quot;,&quot;_animation&quot;:&quot;fadeIn&quot;,&quot;_animation_delay&quot;:300}\" data-widget_type=\"heading.default\">\n\t\t\t\t\t<h2 class=\"elementor-heading-title elementor-size-default\">Rejoignez-nous<\/h2>\t\t\t\t<\/div>\n\t\t\t\t<div class=\"elementor-element elementor-element-8047d2b elementor-widget__width-inherit animated-slow elementor-invisible elementor-widget elementor-widget-heading\" data-id=\"8047d2b\" data-element_type=\"widget\" data-e-type=\"widget\" data-settings=\"{&quot;_animation&quot;:&quot;fadeIn&quot;,&quot;_animation_delay&quot;:300}\" data-widget_type=\"heading.default\">\n\t\t\t\t\t<h2 class=\"elementor-heading-title elementor-size-default\">Fa\u00e7onnez l'avenir de l'emballage<br \/>avec Tecma Aries\n<\/h2>\t\t\t\t<\/div>\n\t\t\t\t<\/div>\n\t\t<div class=\"elementor-element elementor-element-6ae3233 e-con-full e-flex e-con e-child\" data-id=\"6ae3233\" data-element_type=\"container\" data-e-type=\"container\">\n\t\t\t\t<div class=\"elementor-element elementor-element-05a2864 animated-slow elementor-invisible elementor-widget elementor-widget-text-editor\" data-id=\"05a2864\" data-element_type=\"widget\" data-e-type=\"widget\" data-settings=\"{&quot;_animation&quot;:&quot;fadeIn&quot;,&quot;_animation_delay&quot;:500}\" data-widget_type=\"text-editor.default\">\n\t\t\t\t\t\t\t\t\t<p>Tecma-Aries est r\u00e9solument tourn\u00e9 vers l&rsquo;avenir, l&rsquo;innovation technologique, l&rsquo;am\u00e9lioration continue au service de nos clients.<\/p><p>Chez Tecma Aries, nous savons que la r\u00e9ussite des projets que nous r\u00e9alisons passe par l&rsquo;implication, l&rsquo;ouverture d&rsquo;esprit et l&rsquo;ambition de nos collaborateurs.<\/p><p>Depuis toujours tourn\u00e9s vers le monde (un tr\u00e8s large % de nos projets sont \u00e0 l&rsquo;export), nous encourageons la diversit\u00e9 des id\u00e9es et des cultures.<\/p><p>Nous recherchons constamment de nouveaux talents pour accompagner notre \u00e9volution dans tous les secteurs de l&rsquo;entreprise: BE m\u00e9canique , automatisme, montage , c\u00e2blage , SAV , commercial, gestion de projets et administratif.<\/p><p>Si vous \u00eates une personne de challenge, nous avons les projets susceptibles de vous motiver et serions heureux de vous rencontrer! Envoyez-nous CV et lettre de motivation \u00e0 cette adresse mail : drh@tecma-aries.com<\/p>\t\t\t\t\t\t\t\t<\/div>\n\t\t\t\t<\/div>\n\t\t\t\t<\/div>\n\t\t<div class=\"elementor-element elementor-element-171976f e-con-full e-flex e-con e-child\" data-id=\"171976f\" data-element_type=\"container\" data-e-type=\"container\">\n\t\t\t\t<\/div>\n\t\t\t\t\t<\/div>\n\t\t\t\t<\/div>\n\t\t<div class=\"elementor-element elementor-element-83df541 e-flex e-con-boxed e-con e-parent\" data-id=\"83df541\" data-element_type=\"container\" data-e-type=\"container\">\n\t\t\t\t\t<div class=\"e-con-inner\">\n\t\t<div class=\"elementor-element elementor-element-f700ad2 e-con-full e-flex e-con e-child\" data-id=\"f700ad2\" data-element_type=\"container\" data-e-type=\"container\">\n\t\t\t\t<div class=\"elementor-element elementor-element-3e6d5f9 elementor-grid-3 elementor-grid-tablet-2 elementor-grid-mobile-1 elementor-posts--thumbnail-top elementor-widget elementor-widget-posts\" data-id=\"3e6d5f9\" data-element_type=\"widget\" data-e-type=\"widget\" data-settings=\"{&quot;pagination_type&quot;:&quot;load_more_infinite_scroll&quot;,&quot;classic_columns&quot;:&quot;3&quot;,&quot;classic_columns_tablet&quot;:&quot;2&quot;,&quot;classic_columns_mobile&quot;:&quot;1&quot;,&quot;classic_row_gap&quot;:{&quot;unit&quot;:&quot;px&quot;,&quot;size&quot;:35,&quot;sizes&quot;:[]},&quot;classic_row_gap_laptop&quot;:{&quot;unit&quot;:&quot;px&quot;,&quot;size&quot;:&quot;&quot;,&quot;sizes&quot;:[]},&quot;classic_row_gap_tablet_extra&quot;:{&quot;unit&quot;:&quot;px&quot;,&quot;size&quot;:&quot;&quot;,&quot;sizes&quot;:[]},&quot;classic_row_gap_tablet&quot;:{&quot;unit&quot;:&quot;px&quot;,&quot;size&quot;:&quot;&quot;,&quot;sizes&quot;:[]},&quot;classic_row_gap_mobile_extra&quot;:{&quot;unit&quot;:&quot;px&quot;,&quot;size&quot;:&quot;&quot;,&quot;sizes&quot;:[]},&quot;classic_row_gap_mobile&quot;:{&quot;unit&quot;:&quot;px&quot;,&quot;size&quot;:&quot;&quot;,&quot;sizes&quot;:[]},&quot;load_more_spinner&quot;:{&quot;value&quot;:&quot;fas fa-spinner&quot;,&quot;library&quot;:&quot;fa-solid&quot;}}\" data-widget_type=\"posts.classic\">\n\t\t\t\t<div class=\"elementor-widget-container\">\n\t\t\t\t\t\t\t<div class=\"elementor-posts-container elementor-posts elementor-posts--skin-classic elementor-grid\" role=\"list\">\n\t\t\t\t<article class=\"elementor-post elementor-grid-item post-2636 tecma-job type-tecma-job status-publish hentry\" role=\"listitem\">\n\t\t\t\t<div class=\"elementor-post__text\">\n\t\t\t\t<h3 class=\"elementor-post__title\">\n\t\t\t<a href=\"https:\/\/staging-tecma.pixit.au\/fr\/tecma-job\/technicien-technicienne-machines-individuelles\/\" >\n\t\t\t\tTechnicien \/ Technicienne Machines Individuelles\t\t\t<\/a>\n\t\t<\/h3>\n\t\t\t\t<div class=\"elementor-post__meta-data\">\n\t\t\t\t\t<span class=\"elementor-post-date\">\n\t\t\tavril 30, 2026\t\t<\/span>\n\t\t\t\t<\/div>\n\t\t\t\t<\/div>\n\t\t\t\t<\/article>\n\t\t\t\t<article class=\"elementor-post elementor-grid-item post-1742 tecma-job type-tecma-job status-publish has-post-thumbnail hentry\" role=\"listitem\">\n\t\t\t\t<a class=\"elementor-post__thumbnail__link\" href=\"https:\/\/staging-tecma.pixit.au\/fr\/tecma-job\/contrat-permanent\/\" tabindex=\"-1\" >\n\t\t\t<div class=\"elementor-post__thumbnail\"><img fetchpriority=\"high\" decoding=\"async\" width=\"300\" height=\"300\" src=\"https:\/\/staging-tecma.pixit.au\/wp-content\/uploads\/2026\/03\/contact-us-300x300.webp\" class=\"attachment-medium size-medium wp-image-1561\" alt=\"\" srcset=\"https:\/\/staging-tecma.pixit.au\/wp-content\/uploads\/2026\/03\/contact-us-300x300.webp 300w, https:\/\/staging-tecma.pixit.au\/wp-content\/uploads\/2026\/03\/contact-us-1024x1024.webp 1024w, https:\/\/staging-tecma.pixit.au\/wp-content\/uploads\/2026\/03\/contact-us-150x150.webp 150w, https:\/\/staging-tecma.pixit.au\/wp-content\/uploads\/2026\/03\/contact-us-768x768.webp 768w, https:\/\/staging-tecma.pixit.au\/wp-content\/uploads\/2026\/03\/contact-us-1536x1536.webp 1536w, https:\/\/staging-tecma.pixit.au\/wp-content\/uploads\/2026\/03\/contact-us.webp 1920w\" sizes=\"(max-width: 300px) 100vw, 300px\" \/><\/div>\n\t\t<\/a>\n\t\t\t\t<div class=\"elementor-post__text\">\n\t\t\t\t<h3 class=\"elementor-post__title\">\n\t\t\t<a href=\"https:\/\/staging-tecma.pixit.au\/fr\/tecma-job\/contrat-permanent\/\" >\n\t\t\t\tContrat permanent\t\t\t<\/a>\n\t\t<\/h3>\n\t\t\t\t<div class=\"elementor-post__meta-data\">\n\t\t\t\t\t<span class=\"elementor-post-date\">\n\t\t\tavril 13, 2026\t\t<\/span>\n\t\t\t\t<\/div>\n\t\t\t\t<\/div>\n\t\t\t\t<\/article>\n\t\t\t\t<\/div>\n\t\t\t\t\t<span class=\"e-load-more-spinner\">\n\t\t\t\t<svg aria-hidden=\"true\" class=\"e-font-icon-svg e-fas-spinner\" viewBox=\"0 0 512 512\" xmlns=\"http:\/\/www.w3.org\/2000\/svg\"><path d=\"M304 48c0 26.51-21.49 48-48 48s-48-21.49-48-48 21.49-48 48-48 48 21.49 48 48zm-48 368c-26.51 0-48 21.49-48 48s21.49 48 48 48 48-21.49 48-48-21.49-48-48-48zm208-208c-26.51 0-48 21.49-48 48s21.49 48 48 48 48-21.49 48-48-21.49-48-48-48zM96 256c0-26.51-21.49-48-48-48S0 229.49 0 256s21.49 48 48 48 48-21.49 48-48zm12.922 99.078c-26.51 0-48 21.49-48 48s21.49 48 48 48 48-21.49 48-48c0-26.509-21.491-48-48-48zm294.156 0c-26.51 0-48 21.49-48 48s21.49 48 48 48 48-21.49 48-48c0-26.509-21.49-48-48-48zM108.922 60.922c-26.51 0-48 21.49-48 48s21.49 48 48 48 48-21.49 48-48-21.491-48-48-48z\"><\/path><\/svg>\t\t\t<\/span>\n\t\t\n\t\t\t\t\t\t<\/div>\n\t\t\t\t<\/div>\n\t\t\t\t<\/div>\n\t\t\t\t\t<\/div>\n\t\t\t\t<\/div>\n\t\t<div class=\"elementor-element elementor-element-42de24cc e-flex e-con-boxed e-con e-parent\" data-id=\"42de24cc\" data-element_type=\"container\" data-e-type=\"container\" data-settings=\"{&quot;background_background&quot;:&quot;classic&quot;}\">\n\t\t\t\t\t<div class=\"e-con-inner\">\n\t\t\t\t<div class=\"elementor-element elementor-element-7c000021 elementor-widget__width-inherit elementor-invisible elementor-widget elementor-widget-heading\" data-id=\"7c000021\" data-element_type=\"widget\" data-e-type=\"widget\" data-settings=\"{&quot;_animation&quot;:&quot;bounceIn&quot;,&quot;_animation_delay&quot;:200}\" data-widget_type=\"heading.default\">\n\t\t\t\t\t<h2 class=\"elementor-heading-title elementor-size-default\">Contactez notre \u00e9quipe d\u2019ing\u00e9nierie d\u00e8s aujourd\u2019hui\n\n<\/h2>\t\t\t\t<\/div>\n\t\t\t\t<div class=\"elementor-element elementor-element-6f6526da elementor-widget__width-initial animated-slow elementor-invisible elementor-widget elementor-widget-heading\" data-id=\"6f6526da\" data-element_type=\"widget\" data-e-type=\"widget\" data-settings=\"{&quot;_animation&quot;:&quot;fadeIn&quot;,&quot;_animation_delay&quot;:400}\" data-widget_type=\"heading.default\">\n\t\t\t\t\t<p class=\"elementor-heading-title elementor-size-default\">Avec plus de 7\u202f000 machines install\u00e9es dans le monde, Tecma Aries accompagne les fabricants des secteurs de l\u2019agroalimentaire, des produits d\u2019entretien et d\u2019hygi\u00e8ne, de l\u2019alimentation pour animaux de compagnie, de la pharmacie et de l\u2019industrie. Nous fournissons des syst\u00e8mes de conditionnement de fin de ligne sur mesure, con\u00e7us pour la protection des produits, la vitesse, l\u2019optimisation de l\u2019espace et des performances de production \u00e0 long terme.\n<\/p>\t\t\t\t<\/div>\n\t\t\t\t<div class=\"elementor-element elementor-element-7b0ca23f animated-slow elementor-invisible elementor-widget elementor-widget-button\" data-id=\"7b0ca23f\" data-element_type=\"widget\" data-e-type=\"widget\" data-settings=\"{&quot;_animation&quot;:&quot;fadeIn&quot;,&quot;_animation_delay&quot;:500}\" data-widget_type=\"button.default\">\n\t\t\t\t\t\t\t\t\t\t<a class=\"elementor-button elementor-button-link elementor-size-sm\" href=\"https:\/\/staging-tecma.pixit.au\/fr\/contact\/\">\n\t\t\t\t\t\t<span class=\"elementor-button-content-wrapper\">\n\t\t\t\t\t\t\t\t\t<span class=\"elementor-button-text\">Parlez \u00e0 un expert<\/span>\n\t\t\t\t\t<\/span>\n\t\t\t\t\t<\/a>\n\t\t\t\t\t\t\t\t<\/div>\n\t\t\t\t\t<\/div>\n\t\t\t\t<\/div>\n\t\t\t\t<\/div>\n\t\t","protected":false},"excerpt":{"rendered":"<p>Emplois Emplois Rejoignez-nous Fa\u00e7onnez l&rsquo;avenir de l&#8217;emballageavec Tecma Aries Tecma-Aries est r\u00e9solument tourn\u00e9 vers l&rsquo;avenir, l&rsquo;innovation technologique, l&rsquo;am\u00e9lioration continue au service de nos clients. Chez<\/p>\n","protected":false},"author":2,"featured_media":0,"parent":0,"menu_order":0,"comment_status":"closed","ping_status":"closed","template":"","meta":{"_acf_changed":false,"footnotes":""},"class_list":["post-2611","page","type-page","status-publish","hentry"],"acf":[],"yoast_head":"<!-- This site is optimized with the Yoast SEO plugin v27.4 - https:\/\/yoast.com\/product\/yoast-seo-wordpress\/ -->\n<title>Emplois - Tecma Aries<\/title>\n<meta name=\"robots\" content=\"index, follow, max-snippet:-1, max-image-preview:large, max-video-preview:-1\" \/>\n<link rel=\"canonical\" href=\"https:\/\/staging-tecma.pixit.au\/fr\/emplois\/\" \/>\n<meta property=\"og:locale\" content=\"fr_FR\" \/>\n<meta property=\"og:type\" content=\"article\" \/>\n<meta property=\"og:title\" content=\"Emplois - Tecma Aries\" \/>\n<meta property=\"og:description\" content=\"Emplois Emplois Rejoignez-nous Fa\u00e7onnez l&rsquo;avenir de l&#8217;emballageavec Tecma Aries Tecma-Aries est r\u00e9solument tourn\u00e9 vers l&rsquo;avenir, l&rsquo;innovation technologique, l&rsquo;am\u00e9lioration continue au service de nos clients. Chez\" \/>\n<meta property=\"og:url\" content=\"https:\/\/staging-tecma.pixit.au\/fr\/emplois\/\" \/>\n<meta property=\"og:site_name\" content=\"Tecma Aries\" \/>\n<meta property=\"article:modified_time\" content=\"2026-05-01T07:33:53+00:00\" \/>\n<meta name=\"twitter:card\" content=\"summary_large_image\" \/>\n<meta name=\"twitter:label1\" content=\"Dur\u00e9e de lecture estim\u00e9e\" \/>\n\t<meta name=\"twitter:data1\" content=\"1 minute\" \/>\n<script type=\"application\/ld+json\" class=\"yoast-schema-graph\">{\"@context\":\"https:\\\/\\\/schema.org\",\"@graph\":[{\"@type\":\"WebPage\",\"@id\":\"https:\\\/\\\/staging-tecma.pixit.au\\\/fr\\\/emplois\\\/\",\"url\":\"https:\\\/\\\/staging-tecma.pixit.au\\\/fr\\\/emplois\\\/\",\"name\":\"Emplois - Tecma Aries\",\"isPartOf\":{\"@id\":\"https:\\\/\\\/staging-tecma.pixit.au\\\/fr\\\/#website\"},\"datePublished\":\"2026-04-13T03:57:03+00:00\",\"dateModified\":\"2026-05-01T07:33:53+00:00\",\"breadcrumb\":{\"@id\":\"https:\\\/\\\/staging-tecma.pixit.au\\\/fr\\\/emplois\\\/#breadcrumb\"},\"inLanguage\":\"fr-FR\",\"potentialAction\":[{\"@type\":\"ReadAction\",\"target\":[\"https:\\\/\\\/staging-tecma.pixit.au\\\/fr\\\/emplois\\\/\"]}]},{\"@type\":\"BreadcrumbList\",\"@id\":\"https:\\\/\\\/staging-tecma.pixit.au\\\/fr\\\/emplois\\\/#breadcrumb\",\"itemListElement\":[{\"@type\":\"ListItem\",\"position\":1,\"name\":\"Home\",\"item\":\"https:\\\/\\\/staging-tecma.pixit.au\\\/fr\\\/\"},{\"@type\":\"ListItem\",\"position\":2,\"name\":\"Emplois\"}]},{\"@type\":\"WebSite\",\"@id\":\"https:\\\/\\\/staging-tecma.pixit.au\\\/fr\\\/#website\",\"url\":\"https:\\\/\\\/staging-tecma.pixit.au\\\/fr\\\/\",\"name\":\"Tecma Aries\",\"description\":\"The end of packaging line expert\",\"publisher\":{\"@id\":\"https:\\\/\\\/staging-tecma.pixit.au\\\/fr\\\/#organization\"},\"potentialAction\":[{\"@type\":\"SearchAction\",\"target\":{\"@type\":\"EntryPoint\",\"urlTemplate\":\"https:\\\/\\\/staging-tecma.pixit.au\\\/fr\\\/?s={search_term_string}\"},\"query-input\":{\"@type\":\"PropertyValueSpecification\",\"valueRequired\":true,\"valueName\":\"search_term_string\"}}],\"inLanguage\":\"fr-FR\"},{\"@type\":\"Organization\",\"@id\":\"https:\\\/\\\/staging-tecma.pixit.au\\\/fr\\\/#organization\",\"name\":\"Tecma Aries\",\"url\":\"https:\\\/\\\/staging-tecma.pixit.au\\\/fr\\\/\",\"logo\":{\"@type\":\"ImageObject\",\"inLanguage\":\"fr-FR\",\"@id\":\"https:\\\/\\\/staging-tecma.pixit.au\\\/fr\\\/#\\\/schema\\\/logo\\\/image\\\/\",\"url\":\"https:\\\/\\\/staging-tecma.pixit.au\\\/wp-content\\\/uploads\\\/2026\\\/03\\\/logo-light-color.png\",\"contentUrl\":\"https:\\\/\\\/staging-tecma.pixit.au\\\/wp-content\\\/uploads\\\/2026\\\/03\\\/logo-light-color.png\",\"width\":180,\"height\":80,\"caption\":\"Tecma Aries\"},\"image\":{\"@id\":\"https:\\\/\\\/staging-tecma.pixit.au\\\/fr\\\/#\\\/schema\\\/logo\\\/image\\\/\"}}]}<\/script>\n<!-- \/ Yoast SEO plugin. -->","yoast_head_json":{"title":"Emplois - Tecma Aries","robots":{"index":"index","follow":"follow","max-snippet":"max-snippet:-1","max-image-preview":"max-image-preview:large","max-video-preview":"max-video-preview:-1"},"canonical":"https:\/\/staging-tecma.pixit.au\/fr\/emplois\/","og_locale":"fr_FR","og_type":"article","og_title":"Emplois - Tecma Aries","og_description":"Emplois Emplois Rejoignez-nous Fa\u00e7onnez l&rsquo;avenir de l&#8217;emballageavec Tecma Aries Tecma-Aries est r\u00e9solument tourn\u00e9 vers l&rsquo;avenir, l&rsquo;innovation technologique, l&rsquo;am\u00e9lioration continue au service de nos clients. Chez","og_url":"https:\/\/staging-tecma.pixit.au\/fr\/emplois\/","og_site_name":"Tecma Aries","article_modified_time":"2026-05-01T07:33:53+00:00","twitter_card":"summary_large_image","twitter_misc":{"Dur\u00e9e de lecture estim\u00e9e":"1 minute"},"schema":{"@context":"https:\/\/schema.org","@graph":[{"@type":"WebPage","@id":"https:\/\/staging-tecma.pixit.au\/fr\/emplois\/","url":"https:\/\/staging-tecma.pixit.au\/fr\/emplois\/","name":"Emplois - Tecma Aries","isPartOf":{"@id":"https:\/\/staging-tecma.pixit.au\/fr\/#website"},"datePublished":"2026-04-13T03:57:03+00:00","dateModified":"2026-05-01T07:33:53+00:00","breadcrumb":{"@id":"https:\/\/staging-tecma.pixit.au\/fr\/emplois\/#breadcrumb"},"inLanguage":"fr-FR","potentialAction":[{"@type":"ReadAction","target":["https:\/\/staging-tecma.pixit.au\/fr\/emplois\/"]}]},{"@type":"BreadcrumbList","@id":"https:\/\/staging-tecma.pixit.au\/fr\/emplois\/#breadcrumb","itemListElement":[{"@type":"ListItem","position":1,"name":"Home","item":"https:\/\/staging-tecma.pixit.au\/fr\/"},{"@type":"ListItem","position":2,"name":"Emplois"}]},{"@type":"WebSite","@id":"https:\/\/staging-tecma.pixit.au\/fr\/#website","url":"https:\/\/staging-tecma.pixit.au\/fr\/","name":"Tecma Aries","description":"The end of packaging line expert","publisher":{"@id":"https:\/\/staging-tecma.pixit.au\/fr\/#organization"},"potentialAction":[{"@type":"SearchAction","target":{"@type":"EntryPoint","urlTemplate":"https:\/\/staging-tecma.pixit.au\/fr\/?s={search_term_string}"},"query-input":{"@type":"PropertyValueSpecification","valueRequired":true,"valueName":"search_term_string"}}],"inLanguage":"fr-FR"},{"@type":"Organization","@id":"https:\/\/staging-tecma.pixit.au\/fr\/#organization","name":"Tecma Aries","url":"https:\/\/staging-tecma.pixit.au\/fr\/","logo":{"@type":"ImageObject","inLanguage":"fr-FR","@id":"https:\/\/staging-tecma.pixit.au\/fr\/#\/schema\/logo\/image\/","url":"https:\/\/staging-tecma.pixit.au\/wp-content\/uploads\/2026\/03\/logo-light-color.png","contentUrl":"https:\/\/staging-tecma.pixit.au\/wp-content\/uploads\/2026\/03\/logo-light-color.png","width":180,"height":80,"caption":"Tecma Aries"},"image":{"@id":"https:\/\/staging-tecma.pixit.au\/fr\/#\/schema\/logo\/image\/"}}]}},"_hostinger_reach_plugin_has_subscription_block":false,"_hostinger_reach_plugin_is_elementor":false,"_links":{"self":[{"href":"https:\/\/staging-tecma.pixit.au\/fr\/wp-json\/wp\/v2\/pages\/2611","targetHints":{"allow":["GET"]}}],"collection":[{"href":"https:\/\/staging-tecma.pixit.au\/fr\/wp-json\/wp\/v2\/pages"}],"about":[{"href":"https:\/\/staging-tecma.pixit.au\/fr\/wp-json\/wp\/v2\/types\/page"}],"author":[{"embeddable":true,"href":"https:\/\/staging-tecma.pixit.au\/fr\/wp-json\/wp\/v2\/users\/2"}],"replies":[{"embeddable":true,"href":"https:\/\/staging-tecma.pixit.au\/fr\/wp-json\/wp\/v2\/comments?post=2611"}],"version-history":[{"count":4,"href":"https:\/\/staging-tecma.pixit.au\/fr\/wp-json\/wp\/v2\/pages\/2611\/revisions"}],"predecessor-version":[{"id":2635,"href":"https:\/\/staging-tecma.pixit.au\/fr\/wp-json\/wp\/v2\/pages\/2611\/revisions\/2635"}],"wp:attachment":[{"href":"https:\/\/staging-tecma.pixit.au\/fr\/wp-json\/wp\/v2\/media?parent=2611"}],"curies":[{"name":"wp","href":"https:\/\/api.w.org\/{rel}","templated":true}]}}